{"id":109,"date":"2020-06-13T22:06:50","date_gmt":"2020-06-13T22:06:50","guid":{"rendered":"http:\/\/www.batie-diaspora.org\/?page_id=109"},"modified":"2020-06-13T22:06:50","modified_gmt":"2020-06-13T22:06:50","slug":"goodies","status":"publish","type":"page","link":"http:\/\/www.batie-diaspora.org\/?page_id=109","title":{"rendered":"goodies"},"content":{"rendered":"\n<div class=\"wp-block-media-text alignwide is-stacked-on-mobile\"><figure class=\"wp-block-media-text__media\"><img decoding=\"async\" loading=\"lazy\" width=\"522\" height=\"589\" src=\"http:\/\/www.batie-diaspora.org\/wp-content\/uploads\/2020\/06\/WhatsApp-Image-2020-06-11-at-11.30.11-PM1.jpeg\" alt=\"\" class=\"wp-image-110\" srcset=\"http:\/\/www.batie-diaspora.org\/wp-content\/uploads\/2020\/06\/WhatsApp-Image-2020-06-11-at-11.30.11-PM1.jpeg 522w, http:\/\/www.batie-diaspora.org\/wp-content\/uploads\/2020\/06\/WhatsApp-Image-2020-06-11-at-11.30.11-PM1-266x300.jpeg 266w, http:\/\/www.batie-diaspora.org\/wp-content\/uploads\/2020\/06\/WhatsApp-Image-2020-06-11-at-11.30.11-PM1-133x150.jpeg 133w\" sizes=\"(max-width: 522px) 100vw, 522px\" \/><\/figure><div class=\"wp-block-media-text__content\">\n<p class=\"has-large-font-size\">Vue de face du Polo-Shirt homologu\u00e9 pour le projet Covid@bati\u00e9<br>(Mod\u00e8le en couleur blanche)<\/p>\n<\/div><\/div>\n\n\n\n<div class=\"wp-block-media-text alignwide is-stacked-on-mobile\"><figure class=\"wp-block-media-text__media\"><img decoding=\"async\" loading=\"lazy\" width=\"518\" height=\"614\" src=\"http:\/\/www.batie-diaspora.org\/wp-content\/uploads\/2020\/06\/WhatsApp-Image-2020-06-11-at-11.00.23-PM.jpeg\" alt=\"\" class=\"wp-image-111\" srcset=\"http:\/\/www.batie-diaspora.org\/wp-content\/uploads\/2020\/06\/WhatsApp-Image-2020-06-11-at-11.00.23-PM.jpeg 518w, http:\/\/www.batie-diaspora.org\/wp-content\/uploads\/2020\/06\/WhatsApp-Image-2020-06-11-at-11.00.23-PM-253x300.jpeg 253w, http:\/\/www.batie-diaspora.org\/wp-content\/uploads\/2020\/06\/WhatsApp-Image-2020-06-11-at-11.00.23-PM-127x150.jpeg 127w\" sizes=\"(max-width: 518px) 100vw, 518px\" \/><\/figure><div class=\"wp-block-media-text__content\">\n<p class=\"has-large-font-size\">Vue de Dos du Polo-Shirt homologu\u00e9 pour le projet Covid@bati\u00e9<br>(Mod\u00e9le en couleur blanche)<\/p>\n<\/div><\/div>\n\n\n\n<div class=\"wp-block-media-text alignwide is-stacked-on-mobile\"><figure class=\"wp-block-media-text__media\"><img decoding=\"async\" loading=\"lazy\" width=\"544\" height=\"626\" src=\"http:\/\/www.batie-diaspora.org\/wp-content\/uploads\/2020\/06\/2020-06-11-23_54_13-T-Shirts-selbst-gestalten-_-Shirtinator.png\" alt=\"\" class=\"wp-image-112\" srcset=\"http:\/\/www.batie-diaspora.org\/wp-content\/uploads\/2020\/06\/2020-06-11-23_54_13-T-Shirts-selbst-gestalten-_-Shirtinator.png 544w, http:\/\/www.batie-diaspora.org\/wp-content\/uploads\/2020\/06\/2020-06-11-23_54_13-T-Shirts-selbst-gestalten-_-Shirtinator-261x300.png 261w, http:\/\/www.batie-diaspora.org\/wp-content\/uploads\/2020\/06\/2020-06-11-23_54_13-T-Shirts-selbst-gestalten-_-Shirtinator-130x150.png 130w\" sizes=\"(max-width: 544px) 100vw, 544px\" \/><\/figure><div class=\"wp-block-media-text__content\">\n<p class=\"has-large-font-size\">Vue de Dos du T-Shirt homologu\u00e9 pour le projet Covid@bati\u00e9.<br>(Mod\u00e8le en couleur Noir)<\/p>\n<\/div><\/div>\n\n\n\n<div class=\"wp-block-media-text alignwide is-stacked-on-mobile\"><figure class=\"wp-block-media-text__media\"><img decoding=\"async\" loading=\"lazy\" width=\"502\" height=\"599\" src=\"http:\/\/www.batie-diaspora.org\/wp-content\/uploads\/2020\/06\/WhatsApp-Image-2020-06-11-at-11.00.23-PM1.jpeg\" alt=\"\" class=\"wp-image-113\" srcset=\"http:\/\/www.batie-diaspora.org\/wp-content\/uploads\/2020\/06\/WhatsApp-Image-2020-06-11-at-11.00.23-PM1.jpeg 502w, http:\/\/www.batie-diaspora.org\/wp-content\/uploads\/2020\/06\/WhatsApp-Image-2020-06-11-at-11.00.23-PM1-251x300.jpeg 251w, http:\/\/www.batie-diaspora.org\/wp-content\/uploads\/2020\/06\/WhatsApp-Image-2020-06-11-at-11.00.23-PM1-126x150.jpeg 126w\" sizes=\"(max-width: 502px) 100vw, 502px\" \/><\/figure><div class=\"wp-block-media-text__content\">\n<p class=\"has-large-font-size\">Vue de Dos du Polo-Shirt homologu\u00e9 pour le projet Covid@bati\u00e9.<br>(Mod\u00e8le en couleur verte)<\/p>\n<\/div><\/div>\n\n\n\n<div class=\"wp-block-media-text alignwide is-stacked-on-mobile\"><figure class=\"wp-block-media-text__media\"><img decoding=\"async\" loading=\"lazy\" width=\"1024\" height=\"280\" src=\"http:\/\/www.batie-diaspora.org\/wp-content\/uploads\/2020\/06\/WhatsApp-Image-2020-06-12-at-12.23.28-AM-1024x280.jpeg\" alt=\"\" class=\"wp-image-105\" srcset=\"http:\/\/www.batie-diaspora.org\/wp-content\/uploads\/2020\/06\/WhatsApp-Image-2020-06-12-at-12.23.28-AM-1024x280.jpeg 1024w, http:\/\/www.batie-diaspora.org\/wp-content\/uploads\/2020\/06\/WhatsApp-Image-2020-06-12-at-12.23.28-AM-300x82.jpeg 300w, http:\/\/www.batie-diaspora.org\/wp-content\/uploads\/2020\/06\/WhatsApp-Image-2020-06-12-at-12.23.28-AM-768x210.jpeg 768w, http:\/\/www.batie-diaspora.org\/wp-content\/uploads\/2020\/06\/WhatsApp-Image-2020-06-12-at-12.23.28-AM-1536x420.jpeg 1536w, http:\/\/www.batie-diaspora.org\/wp-content\/uploads\/2020\/06\/WhatsApp-Image-2020-06-12-at-12.23.28-AM-150x41.jpeg 150w, http:\/\/www.batie-diaspora.org\/wp-content\/uploads\/2020\/06\/WhatsApp-Image-2020-06-12-at-12.23.28-AM.jpeg 1600w\" sizes=\"(max-width: 1024px) 100vw, 1024px\" \/><\/figure><div class=\"wp-block-media-text__content\">\n<p class=\"has-large-font-size\">Banni\u00e9re officielle<\/p>\n<\/div><\/div>\n","protected":false},"excerpt":{"rendered":"<p>Vue de face du Polo-Shirt homologu\u00e9 pour le projet Covid@bati\u00e9(Mod\u00e8le en couleur blanche) Vue de Dos du Polo-Shirt homologu\u00e9 pour le projet Covid@bati\u00e9(Mod\u00e9le en couleur blanche) Vue de Dos du T-Shirt homologu\u00e9 pour le projet Covid@bati\u00e9.(Mod\u00e8le en couleur Noir) Vue de Dos du Polo-Shirt homologu\u00e9 pour le projet Covid@bati\u00e9.(Mod\u00e8le en couleur verte) Banni\u00e9re officielle<\/p>\n","protected":false},"author":1,"featured_media":0,"parent":0,"menu_order":0,"comment_status":"closed","ping_status":"closed","template":"","meta":[],"_links":{"self":[{"href":"http:\/\/www.batie-diaspora.org\/index.php?rest_route=\/wp\/v2\/pages\/109"}],"collection":[{"href":"http:\/\/www.batie-diaspora.org\/index.php?rest_route=\/wp\/v2\/pages"}],"about":[{"href":"http:\/\/www.batie-diaspora.org\/index.php?rest_route=\/wp\/v2\/types\/page"}],"author":[{"embeddable":true,"href":"http:\/\/www.batie-diaspora.org\/index.php?rest_route=\/wp\/v2\/users\/1"}],"replies":[{"embeddable":true,"href":"http:\/\/www.batie-diaspora.org\/index.php?rest_route=%2Fwp%2Fv2%2Fcomments&post=109"}],"version-history":[{"count":1,"href":"http:\/\/www.batie-diaspora.org\/index.php?rest_route=\/wp\/v2\/pages\/109\/revisions"}],"predecessor-version":[{"id":114,"href":"http:\/\/www.batie-diaspora.org\/index.php?rest_route=\/wp\/v2\/pages\/109\/revisions\/114"}],"wp:attachment":[{"href":"http:\/\/www.batie-diaspora.org\/index.php?rest_route=%2Fwp%2Fv2%2Fmedia&parent=109"}],"curies":[{"name":"wp","href":"https:\/\/api.w.org\/{rel}","templated":true}]}}