{"id":17,"date":"2020-06-11T14:34:48","date_gmt":"2020-06-11T14:34:48","guid":{"rendered":"http:\/\/batie-diaspora.org\/?page_id=17"},"modified":"2020-06-11T16:33:11","modified_gmt":"2020-06-11T16:33:11","slug":"accueil","status":"publish","type":"page","link":"http:\/\/www.batie-diaspora.org\/?page_id=17","title":{"rendered":"Accueil"},"content":{"rendered":"\n<figure class=\"wp-block-gallery columns-0 is-cropped wp-block-gallery-1 is-layout-flex\"><ul class=\"blocks-gallery-grid\"><\/ul><\/figure>\n\n\n\n<div class=\"wp-block-media-text alignwide is-stacked-on-mobile\"><figure class=\"wp-block-media-text__media\"><img decoding=\"async\" loading=\"lazy\" width=\"1024\" height=\"1024\" src=\"http:\/\/batie-diaspora.org\/wp-content\/uploads\/2020\/06\/logo_12-1024x1024.png\" alt=\"\" class=\"wp-image-23\" srcset=\"http:\/\/www.batie-diaspora.org\/wp-content\/uploads\/2020\/06\/logo_12-1024x1024.png 1024w, http:\/\/www.batie-diaspora.org\/wp-content\/uploads\/2020\/06\/logo_12-300x300.png 300w, http:\/\/www.batie-diaspora.org\/wp-content\/uploads\/2020\/06\/logo_12-150x150.png 150w, http:\/\/www.batie-diaspora.org\/wp-content\/uploads\/2020\/06\/logo_12-768x768.png 768w, http:\/\/www.batie-diaspora.org\/wp-content\/uploads\/2020\/06\/logo_12-1536x1536.png 1536w, http:\/\/www.batie-diaspora.org\/wp-content\/uploads\/2020\/06\/logo_12.png 1600w\" sizes=\"(max-width: 1024px) 100vw, 1024px\" \/><\/figure><div class=\"wp-block-media-text__content\">\n<p>L&#8217;ENGAGEMENT DE LA DIASPORA BATIE DANS LA LUTTE CONTRE LE COVID-19<br>&nbsp;<br>P\u00f4-T\u00e9 Teum, p\u00eaeh lock kwuietchoue th\u00e9 Covid19 pie<br>&nbsp;<br>En partenariat avec le CEPAA<br>&nbsp;<br>Sous la haute autorit\u00e9 du chef sup\u00e9rieur de batie sa majest\u00e9 TCHOUANKAM DADA Th\u00e9odore<\/p>\n\n\n\n<p><\/p>\n<\/div><\/div>\n\n\n\n<div class=\"wp-block-columns is-layout-flex wp-container-6\">\n<div class=\"wp-block-column is-layout-flow\"><\/div>\n\n\n\n<div class=\"wp-block-column is-layout-flow\"><\/div>\n\n\n\n<div class=\"wp-block-column is-layout-flow\"><\/div>\n<\/div>\n\n\n\n<figure class=\"wp-block-image size-large\"><img decoding=\"async\" loading=\"lazy\" width=\"1024\" height=\"728\" src=\"http:\/\/batie-diaspora.org\/wp-content\/uploads\/2020\/06\/Charte-BATIE-COVID-19-v0.0-1-1024x728.jpg\" alt=\"\" class=\"wp-image-20\" srcset=\"http:\/\/www.batie-diaspora.org\/wp-content\/uploads\/2020\/06\/Charte-BATIE-COVID-19-v0.0-1-1024x728.jpg 1024w, http:\/\/www.batie-diaspora.org\/wp-content\/uploads\/2020\/06\/Charte-BATIE-COVID-19-v0.0-1-300x213.jpg 300w, http:\/\/www.batie-diaspora.org\/wp-content\/uploads\/2020\/06\/Charte-BATIE-COVID-19-v0.0-1-768x546.jpg 768w, http:\/\/www.batie-diaspora.org\/wp-content\/uploads\/2020\/06\/Charte-BATIE-COVID-19-v0.0-1-1536x1093.jpg 1536w, http:\/\/www.batie-diaspora.org\/wp-content\/uploads\/2020\/06\/Charte-BATIE-COVID-19-v0.0-1-2048x1457.jpg 2048w, http:\/\/www.batie-diaspora.org\/wp-content\/uploads\/2020\/06\/Charte-BATIE-COVID-19-v0.0-1-150x107.jpg 150w\" sizes=\"(max-width: 1024px) 100vw, 1024px\" \/><\/figure>\n\n\n\n<figure class=\"wp-block-image size-large\"><img decoding=\"async\" loading=\"lazy\" width=\"1024\" height=\"795\" src=\"http:\/\/batie-diaspora.org\/wp-content\/uploads\/2020\/06\/charte01-1024x795.png\" alt=\"\" class=\"wp-image-18\" srcset=\"http:\/\/www.batie-diaspora.org\/wp-content\/uploads\/2020\/06\/charte01-1024x795.png 1024w, http:\/\/www.batie-diaspora.org\/wp-content\/uploads\/2020\/06\/charte01-300x233.png 300w, http:\/\/www.batie-diaspora.org\/wp-content\/uploads\/2020\/06\/charte01-768x596.png 768w, http:\/\/www.batie-diaspora.org\/wp-content\/uploads\/2020\/06\/charte01-150x116.png 150w, http:\/\/www.batie-diaspora.org\/wp-content\/uploads\/2020\/06\/charte01.png 1103w\" sizes=\"(max-width: 1024px) 100vw, 1024px\" \/><\/figure>\n","protected":false},"excerpt":{"rendered":"<p>L&#8217;ENGAGEMENT DE LA DIASPORA BATIE DANS LA LUTTE CONTRE LE COVID-19&nbsp;P\u00f4-T\u00e9 Teum, p\u00eaeh lock kwuietchoue th\u00e9 Covid19 pie&nbsp;En partenariat avec le CEPAA&nbsp;Sous la haute autorit\u00e9 du chef sup\u00e9rieur de batie sa majest\u00e9 TCHOUANKAM DADA Th\u00e9odore<\/p>\n","protected":false},"author":1,"featured_media":0,"parent":0,"menu_order":0,"comment_status":"closed","ping_status":"closed","template":"","meta":[],"_links":{"self":[{"href":"http:\/\/www.batie-diaspora.org\/index.php?rest_route=\/wp\/v2\/pages\/17"}],"collection":[{"href":"http:\/\/www.batie-diaspora.org\/index.php?rest_route=\/wp\/v2\/pages"}],"about":[{"href":"http:\/\/www.batie-diaspora.org\/index.php?rest_route=\/wp\/v2\/types\/page"}],"author":[{"embeddable":true,"href":"http:\/\/www.batie-diaspora.org\/index.php?rest_route=\/wp\/v2\/users\/1"}],"replies":[{"embeddable":true,"href":"http:\/\/www.batie-diaspora.org\/index.php?rest_route=%2Fwp%2Fv2%2Fcomments&post=17"}],"version-history":[{"count":8,"href":"http:\/\/www.batie-diaspora.org\/index.php?rest_route=\/wp\/v2\/pages\/17\/revisions"}],"predecessor-version":[{"id":90,"href":"http:\/\/www.batie-diaspora.org\/index.php?rest_route=\/wp\/v2\/pages\/17\/revisions\/90"}],"wp:attachment":[{"href":"http:\/\/www.batie-diaspora.org\/index.php?rest_route=%2Fwp%2Fv2%2Fmedia&parent=17"}],"curies":[{"name":"wp","href":"https:\/\/api.w.org\/{rel}","templated":true}]}}