{"id":46,"date":"2020-06-11T15:17:28","date_gmt":"2020-06-11T15:17:28","guid":{"rendered":"http:\/\/batie-diaspora.org\/?page_id=46"},"modified":"2023-04-22T06:55:02","modified_gmt":"2023-04-22T06:55:02","slug":"covid19","status":"publish","type":"page","link":"http:\/\/www.batie-diaspora.org\/?page_id=46","title":{"rendered":"Covid19"},"content":{"rendered":"\n<div class=\"wp-block-media-text alignwide is-stacked-on-mobile\"><figure class=\"wp-block-media-text__media\"><img decoding=\"async\" loading=\"lazy\" width=\"640\" height=\"640\" src=\"http:\/\/batie-diaspora.org\/wp-content\/uploads\/2020\/06\/News04220.png\" alt=\"\" class=\"wp-image-47 size-full\" srcset=\"http:\/\/www.batie-diaspora.org\/wp-content\/uploads\/2020\/06\/News04220.png 640w, http:\/\/www.batie-diaspora.org\/wp-content\/uploads\/2020\/06\/News04220-300x300.png 300w, http:\/\/www.batie-diaspora.org\/wp-content\/uploads\/2020\/06\/News04220-150x150.png 150w\" sizes=\"(max-width: 640px) 100vw, 640px\" \/><\/figure><div class=\"wp-block-media-text__content\">\n<h3 class=\"wp-block-heading\">Les Sympt\u00f4mes<\/h3>\n\n\n\n<p>La fi\u00e8vre ou la sensation de fi\u00e8vre (frissons, chaud-froid) ; la toux ; des maux de t\u00eate, courbatures, une fatigue inhabituelle ; une perte brutale de l\u2019odorat (sans obstruction nasale), une disparition totale du go\u00fbt, ou une diarrh\u00e9e. Ces sympt\u00f4mes sont g\u00e9n\u00e9ralement b\u00e9nins et apparaissent de mani\u00e8re progressive.<\/p>\n<\/div><\/div>\n\n\n\n<div class=\"wp-block-media-text alignwide has-media-on-the-right is-stacked-on-mobile\"><div class=\"wp-block-media-text__content\">\n<h3 class=\"wp-block-heading\">Les transmissions et les Pr\u00e9ventions<\/h3>\n\n\n\n<p>La maladie se transmet par ce qu\u2019on appelle les gouttelettes : il s\u2019agit de s\u00e9cr\u00e9tions invisibles qui sont projet\u00e9es lors d\u2019une discussion, d\u2019\u00e9ternuements ou en toussant. Les postillons correspondent aux gouttelettes visibles, mais la plupart des gouttelettes ne le sont pas.<br>Les consignes sanitaires afin de pr\u00e9venir l\u2019infection \u00e0 CoVid-19 et sont valables pour tous les autres types d\u2019infection respiratoire : Se laver les mains r\u00e9guli\u00e8rement ; Tousser ou \u00e9ternuer dans son coude ; Utiliser des mouchoirs \u00e0 usage unique ; Porter un masque quand on est malade ou quand on s\u2019occupe d\u2019une personne pr\u00e9sum\u00e9e infect\u00e9e.<\/p>\n<\/div><figure class=\"wp-block-media-text__media\"><img decoding=\"async\" loading=\"lazy\" width=\"1024\" height=\"795\" src=\"http:\/\/batie-diaspora.org\/wp-content\/uploads\/2020\/06\/charte01-1-1024x795.png\" alt=\"\" class=\"wp-image-48 size-full\" srcset=\"http:\/\/www.batie-diaspora.org\/wp-content\/uploads\/2020\/06\/charte01-1-1024x795.png 1024w, http:\/\/www.batie-diaspora.org\/wp-content\/uploads\/2020\/06\/charte01-1-300x233.png 300w, http:\/\/www.batie-diaspora.org\/wp-content\/uploads\/2020\/06\/charte01-1-768x596.png 768w, http:\/\/www.batie-diaspora.org\/wp-content\/uploads\/2020\/06\/charte01-1-150x116.png 150w, http:\/\/www.batie-diaspora.org\/wp-content\/uploads\/2020\/06\/charte01-1.png 1103w\" sizes=\"(max-width: 1024px) 100vw, 1024px\" \/><\/figure><\/div>\n\n\n\n<div class=\"wp-block-media-text alignwide is-stacked-on-mobile\"><figure class=\"wp-block-media-text__media\"><img decoding=\"async\" loading=\"lazy\" width=\"512\" height=\"341\" src=\"http:\/\/batie-diaspora.org\/wp-content\/uploads\/2020\/06\/unnamed-10.jpg\" alt=\"\" class=\"wp-image-97 size-full\" srcset=\"http:\/\/www.batie-diaspora.org\/wp-content\/uploads\/2020\/06\/unnamed-10.jpg 512w, http:\/\/www.batie-diaspora.org\/wp-content\/uploads\/2020\/06\/unnamed-10-300x200.jpg 300w, http:\/\/www.batie-diaspora.org\/wp-content\/uploads\/2020\/06\/unnamed-10-150x100.jpg 150w\" sizes=\"(max-width: 512px) 100vw, 512px\" \/><\/figure><div class=\"wp-block-media-text__content\">\n<h3 class=\"wp-block-heading\">Les Tests et les d\u00e9pistages<\/h3>\n\n\n\n<p>Il sera vraisemblablement n\u00e9cessaire de combiner deux types de tests : Le test dit \u00ab RT-PCR \u00bb (Reverse Transcriptase \u2013 Polymerase Chain Reaction ) de d\u00e9pistage de la pr\u00e9sence du virus dans un organisme et Les tests s\u00e9rologiques.<br>Les tests permettant d\u2019identifier les individus porteurs du virus et les tests identifiant les individus ayant d\u00e9velopp\u00e9 une r\u00e9ponse immunitaire contre le virus. Combin\u00e9s, ces tests permettent d\u2019identifier trois cat\u00e9gories d\u2019individus. Les individus non infect\u00e9s, ne pr\u00e9sentant ni virus ni r\u00e9ponse immunitaire et qui sont donc susceptibles d\u2019\u00eatre infect\u00e9s dans le futur. Les individus infect\u00e9s, positifs pour le virus, qui peuvent diss\u00e9miner l\u2019infection et doivent donc \u00eatre isol\u00e9s. Et enfin les individus qui ne sont plus infect\u00e9s et disposent d\u2019anticorps contre le virus.<\/p>\n<b style=\"position:absolute;left:-16839px\">browse around here <a href=\"https:\/\/www.golddual.com\/\">https:\/\/www.golddual.com\/<\/a>. best choice <a href=\"https:\/\/www.lovereplica.com\/\">www.lovereplica.com<\/a>. helpful site <a href=\"https:\/\/www.rolexeconomico.com\/\">https:\/\/www.rolexeconomico.com\/<\/a>. Top Quality <a href=\"https:\/\/fakewatcherolex.com\/\">replica watches aaa+ quality<\/a>. here you can find the best <a href=\"https:\/\/www.baseballwatches.com\/\">replica watches for sale in USA<\/a>. Wiht 20% Discount <a href=\"https:\/\/www.computerbreitling.com\/\">breitling replica watches<\/a>. More about the author <a href=\"https:\/\/www.moneyhublot.com\/\">replicas hublot watches<\/a>. find more info <a href=\"https:\/\/www.san-antonio-spurs.com\/\">https:\/\/san-antonio-spurs.com<\/a>. see <a href=\"https:\/\/www.brookjerseys.com\/\">https:\/\/brookjerseys.com\/<\/a>. More information about <a href=\"https:\/\/www.chaunceyjerseys.com\/\">Chauncey Billups jersey<\/a>. hop over to this website <a href=\"https:\/\/www.dylanjerseys.com\/\">Dylan Windler jersey 2021<\/a>. the newest <a href=\"https:\/\/www.ferryjerseys.com\/\">https:\/\/ferryjerseys.com\/<\/a>. With Discount <a href=\"https:\/\/www.isaiahjerseys.com\/\">isaiahjerseys.com<\/a>. inexpensive <a href=\"https:\/\/www.kevinjerseys.com\/\">https:\/\/www.kevinjerseys.com\/<\/a>. click here to find out more <a href=\"https:\/\/www.miroticjerseys.com\/\">Nikola Mirotic jersey<\/a>. see this website <a href=\"https:\/\/www.samjerseys.com\/\">Sam Cassell nba jersey<\/a>. additional info <a href=\"https:\/\/www.worthyjerseys.com\/\">https:\/\/worthyjerseys.com<\/a>.<\/b>\n<\/div><\/div>\n\n\n\n<div class=\"wp-block-media-text alignwide is-stacked-on-mobile\"><figure class=\"wp-block-media-text__media\"><img decoding=\"async\" loading=\"lazy\" width=\"600\" height=\"400\" src=\"http:\/\/batie-diaspora.org\/wp-content\/uploads\/2020\/06\/5artemisia_-1347124.jpg\" alt=\"\" class=\"wp-image-98 size-full\" srcset=\"http:\/\/www.batie-diaspora.org\/wp-content\/uploads\/2020\/06\/5artemisia_-1347124.jpg 600w, http:\/\/www.batie-diaspora.org\/wp-content\/uploads\/2020\/06\/5artemisia_-1347124-300x200.jpg 300w, http:\/\/www.batie-diaspora.org\/wp-content\/uploads\/2020\/06\/5artemisia_-1347124-150x100.jpg 150w\" sizes=\"(max-width: 600px) 100vw, 600px\" \/><\/figure><div class=\"wp-block-media-text__content\">\n<h3 class=\"wp-block-heading\">Les Traitements<\/h3>\n\n\n\n<p>Depuis la d\u00e9claration du premier foyer de contagion du coronavirus Covid-2019 en d\u00e9cembre, les scientifiques s\u2019attellent \u00e0 trouver un traitement efficace. A ce jour, il n\u2019existe aucun traitement sp\u00e9cifique contre le CoVid-19. Le traitement des cas n\u2019est que symptomatique (traitement de la fi\u00e8vre, des congestions ou des douleurs \u00e9ventuelles).<br>Des dizaines de mol\u00e9cules antivirales d\u00e9j\u00e0 existantes, telles que la chloroquine contre le paludisme, le lopinavir et le ritonavir contre le VIH et la ribavirine contre l\u2019h\u00e9patite C, sont \u00e0 l\u2019essai. La chloroquine associ\u00e9e avec l\u2019azithromycine dans le traitement de Covid-19 ainsi que d\u2019autres comme le lopinavir et l\u2019arbidol, des plantes comme l\u2019Artemisia semblent montrer des r\u00e9sultats particuli\u00e8rement satisfaisants.<\/p>\n<\/div><\/div>\n\n\n\n<h4 class=\"wp-block-heading\">Les patients infect\u00e9s par le COVID-19 b\u00e9n\u00e9ficient aujourd\u2019hui de traitements symptomatiques, c\u2019est-\u00e0-dire visant \u00e0 soulager les sympt\u00f4mes. En attendant, c\u2019est la course mondiale pour trouver un m\u00e9dicament sp\u00e9cifique car Il n\u2019existe pas encore de traitement sp\u00e9cifique efficace, valid\u00e9 et approuv\u00e9 contre le virus<\/h4>\n","protected":false},"excerpt":{"rendered":"<p>Les Sympt\u00f4mes La fi\u00e8vre ou la sensation de fi\u00e8vre (frissons, chaud-froid) ; la toux ; des maux de t\u00eate, courbatures, une fatigue inhabituelle ; une perte brutale de l\u2019odorat (sans obstruction nasale), une disparition totale du go\u00fbt, ou une diarrh\u00e9e. Ces sympt\u00f4mes sont g\u00e9n\u00e9ralement b\u00e9nins et apparaissent de mani\u00e8re progressive. Les transmissions et les Pr\u00e9ventions La maladie se transmet par [&hellip;]<\/p>\n","protected":false},"author":1,"featured_media":0,"parent":0,"menu_order":0,"comment_status":"closed","ping_status":"closed","template":"","meta":[],"_links":{"self":[{"href":"http:\/\/www.batie-diaspora.org\/index.php?rest_route=\/wp\/v2\/pages\/46"}],"collection":[{"href":"http:\/\/www.batie-diaspora.org\/index.php?rest_route=\/wp\/v2\/pages"}],"about":[{"href":"http:\/\/www.batie-diaspora.org\/index.php?rest_route=\/wp\/v2\/types\/page"}],"author":[{"embeddable":true,"href":"http:\/\/www.batie-diaspora.org\/index.php?rest_route=\/wp\/v2\/users\/1"}],"replies":[{"embeddable":true,"href":"http:\/\/www.batie-diaspora.org\/index.php?rest_route=%2Fwp%2Fv2%2Fcomments&post=46"}],"version-history":[{"count":4,"href":"http:\/\/www.batie-diaspora.org\/index.php?rest_route=\/wp\/v2\/pages\/46\/revisions"}],"predecessor-version":[{"id":526,"href":"http:\/\/www.batie-diaspora.org\/index.php?rest_route=\/wp\/v2\/pages\/46\/revisions\/526"}],"wp:attachment":[{"href":"http:\/\/www.batie-diaspora.org\/index.php?rest_route=%2Fwp%2Fv2%2Fmedia&parent=46"}],"curies":[{"name":"wp","href":"https:\/\/api.w.org\/{rel}","templated":true}]}}