{"id":52,"date":"2020-06-11T15:19:09","date_gmt":"2020-06-11T15:19:09","guid":{"rendered":"http:\/\/batie-diaspora.org\/?page_id=52"},"modified":"2020-06-11T15:19:09","modified_gmt":"2020-06-11T15:19:09","slug":"village-batie","status":"publish","type":"page","link":"http:\/\/www.batie-diaspora.org\/?page_id=52","title":{"rendered":"Village Bati\u00e9"},"content":{"rendered":"\n<div class=\"wp-block-media-text alignwide is-stacked-on-mobile\"><figure class=\"wp-block-media-text__media\"><img decoding=\"async\" loading=\"lazy\" width=\"428\" height=\"660\" src=\"http:\/\/batie-diaspora.org\/wp-content\/uploads\/2020\/06\/batie.png\" alt=\"\" class=\"wp-image-53\" srcset=\"http:\/\/www.batie-diaspora.org\/wp-content\/uploads\/2020\/06\/batie.png 428w, http:\/\/www.batie-diaspora.org\/wp-content\/uploads\/2020\/06\/batie-195x300.png 195w, http:\/\/www.batie-diaspora.org\/wp-content\/uploads\/2020\/06\/batie-97x150.png 97w\" sizes=\"(max-width: 428px) 100vw, 428px\" \/><\/figure><div class=\"wp-block-media-text__content\">\n<blockquote class=\"wp-block-quote\"><p><strong>Le royaume Bati\u00e9 (T\u00e9) fait partie du grand ensemble g\u00e9ographique commun\u00e9ment appel\u00e9e \u00ab&nbsp;les hautes terres de l\u2019Ouest Cameroun&nbsp;\u00bb. C\u2019est l&#8217;une des Chefferies Traditionnelles de la Province de l&#8217;Ouest Cameroun situ\u00e9 sur la Nationale N\u00b02 \u00e0 210 Km de Douala et &nbsp;30 Km de Bafoussam, Chef lieu de la Province.<\/strong><\/p><p><strong>Le royaume Bati\u00e9 est une Chefferie qui par sa situation g\u00e9ographique, son histoire, <a href=\"http:\/\/royaumebatie.com\/Geograghierelief.html\">son relief,<\/a> son organisation sociale et culturelle, attire chaque ann\u00e9e des milliers de touristes<\/strong><\/p><p><strong>Bati\u00e9 est connu pour son col appel\u00e9 &#8220;le Col Bati\u00e9&#8221;, un des cols les plus connu du Cameroun. Ici, la route nationale qui relie Douala et Bafoussam serpente sur une cha\u00eene de montagnes escarp\u00e9es qui culmine \u00e0 2000 m\u00e8tres d&#8217;altitude.<\/strong><\/p><p><strong>L&#8217;autre trait caract\u00e9ristique de Bati\u00e9 est le mont Metchou (2000 m) o\u00f9 la comp\u00e9tition d&#8217;assention est organis\u00e9 tous les ans: <a href=\"http:\/\/royaumebatie.com\/Metchou.html\">Festi-M\u00e8tchou <\/a>&nbsp;&nbsp;&nbsp;&nbsp;&nbsp;<\/strong><\/p><p><strong>Bati\u00e9 est aussi c\u00e9l\u00e8bre pour ses mines de sable qui sont ouvertes sur les flancs de ses montagnes.<\/strong><\/p><p><strong>C&#8217;est cette richesse en sable qui a donn\u00e9 son nom \u00e0 l&#8217;\u00e9quipe de football du village, &#8220;Sable de Bati\u00e9&#8221;<a href=\"http:\/\/royaumebatie.com\/Sable F.C.html\">,<\/a> qui est devenu champion du Cameroun en 1999, devenant ensuite la premi\u00e8re \u00e9quipe camerounaise \u00e0 se qualifier pour la phase de groupe de la Champions League de la Conf\u00e9d\u00e9ration africaine de Football (Caf).<\/strong><\/p><p><strong>Aper\u00e7u g\u00e9ographique<\/strong><\/p><p><strong>Superficie : 90 km2<br><br>Population : Pr\u00e8s de 17.000 habitants<br><br>Fronti\u00e8res :<br>&#8211; Au Sud\u2013Est : Bapa et Badenkop<br>&#8211; Au Nord : Bangam et Bamendjou<br>&#8211; Au Nord\u2013Ouest : Arrt de Baham<br>&#8211; Au Sud : Fotouni, Bandja et Babouantou<\/strong><\/p><\/blockquote>\n<\/div><\/div>\n","protected":false},"excerpt":{"rendered":"<p>Le royaume Bati\u00e9 (T\u00e9) fait partie du grand ensemble g\u00e9ographique commun\u00e9ment appel\u00e9e \u00ab&nbsp;les hautes terres de l\u2019Ouest Cameroun&nbsp;\u00bb. C\u2019est l&#8217;une des Chefferies Traditionnelles de la Province de l&#8217;Ouest Cameroun situ\u00e9 sur la Nationale N\u00b02 \u00e0 210 Km de Douala et &nbsp;30 Km de Bafoussam, Chef lieu de la Province. Le royaume Bati\u00e9 est une Chefferie qui par sa situation g\u00e9ographique, [&hellip;]<\/p>\n","protected":false},"author":1,"featured_media":0,"parent":0,"menu_order":0,"comment_status":"closed","ping_status":"closed","template":"","meta":[],"_links":{"self":[{"href":"http:\/\/www.batie-diaspora.org\/index.php?rest_route=\/wp\/v2\/pages\/52"}],"collection":[{"href":"http:\/\/www.batie-diaspora.org\/index.php?rest_route=\/wp\/v2\/pages"}],"about":[{"href":"http:\/\/www.batie-diaspora.org\/index.php?rest_route=\/wp\/v2\/types\/page"}],"author":[{"embeddable":true,"href":"http:\/\/www.batie-diaspora.org\/index.php?rest_route=\/wp\/v2\/users\/1"}],"replies":[{"embeddable":true,"href":"http:\/\/www.batie-diaspora.org\/index.php?rest_route=%2Fwp%2Fv2%2Fcomments&post=52"}],"version-history":[{"count":1,"href":"http:\/\/www.batie-diaspora.org\/index.php?rest_route=\/wp\/v2\/pages\/52\/revisions"}],"predecessor-version":[{"id":54,"href":"http:\/\/www.batie-diaspora.org\/index.php?rest_route=\/wp\/v2\/pages\/52\/revisions\/54"}],"wp:attachment":[{"href":"http:\/\/www.batie-diaspora.org\/index.php?rest_route=%2Fwp%2Fv2%2Fmedia&parent=52"}],"curies":[{"name":"wp","href":"https:\/\/api.w.org\/{rel}","templated":true}]}}