{"id":57,"date":"2020-06-11T15:25:10","date_gmt":"2020-06-11T15:25:10","guid":{"rendered":"http:\/\/batie-diaspora.org\/?page_id=57"},"modified":"2020-06-11T15:25:10","modified_gmt":"2020-06-11T15:25:10","slug":"diaspora-batie","status":"publish","type":"page","link":"http:\/\/www.batie-diaspora.org\/?page_id=57","title":{"rendered":"Diaspora Bati\u00e9"},"content":{"rendered":"\n<div class=\"wp-block-media-text alignwide is-stacked-on-mobile\"><figure class=\"wp-block-media-text__media\"><img decoding=\"async\" loading=\"lazy\" width=\"1024\" height=\"1024\" src=\"http:\/\/batie-diaspora.org\/wp-content\/uploads\/2020\/06\/logo_png-1-1024x1024.png\" alt=\"\" class=\"wp-image-58\" srcset=\"http:\/\/www.batie-diaspora.org\/wp-content\/uploads\/2020\/06\/logo_png-1-1024x1024.png 1024w, http:\/\/www.batie-diaspora.org\/wp-content\/uploads\/2020\/06\/logo_png-1-300x300.png 300w, http:\/\/www.batie-diaspora.org\/wp-content\/uploads\/2020\/06\/logo_png-1-150x150.png 150w, http:\/\/www.batie-diaspora.org\/wp-content\/uploads\/2020\/06\/logo_png-1-768x768.png 768w, http:\/\/www.batie-diaspora.org\/wp-content\/uploads\/2020\/06\/logo_png-1-1536x1536.png 1536w, http:\/\/www.batie-diaspora.org\/wp-content\/uploads\/2020\/06\/logo_png-1-2048x2048.png 2048w\" sizes=\"(max-width: 1024px) 100vw, 1024px\" \/><\/figure><div class=\"wp-block-media-text__content\">\n<p class=\"has-large-font-size\">Tous les enfants Bati\u00e9s de la Diaspora, r\u00e9sidants dans les pays Allemagne, Angleterre, Belgique, Canada, Etats-Unis D&#8217;Am\u00e9rique, France, se sont r\u00e9unis autour d&#8217;une table virtuelle afin d&#8217;apporter une r\u00e9ponse \u00e0 cette pand\u00e9mie, dans le soucis de prot\u00e9g\u00e9r les populations locales du Bati\u00e9 au Cameroun<\/p>\n<\/div><\/div>\n","protected":false},"excerpt":{"rendered":"<p>Tous les enfants Bati\u00e9s de la Diaspora, r\u00e9sidants dans les pays Allemagne, Angleterre, Belgique, Canada, Etats-Unis D&#8217;Am\u00e9rique, France, se sont r\u00e9unis autour d&#8217;une table virtuelle afin d&#8217;apporter une r\u00e9ponse \u00e0 cette pand\u00e9mie, dans le soucis de prot\u00e9g\u00e9r les populations locales du Bati\u00e9 au Cameroun<\/p>\n","protected":false},"author":1,"featured_media":0,"parent":0,"menu_order":0,"comment_status":"closed","ping_status":"closed","template":"","meta":[],"_links":{"self":[{"href":"http:\/\/www.batie-diaspora.org\/index.php?rest_route=\/wp\/v2\/pages\/57"}],"collection":[{"href":"http:\/\/www.batie-diaspora.org\/index.php?rest_route=\/wp\/v2\/pages"}],"about":[{"href":"http:\/\/www.batie-diaspora.org\/index.php?rest_route=\/wp\/v2\/types\/page"}],"author":[{"embeddable":true,"href":"http:\/\/www.batie-diaspora.org\/index.php?rest_route=\/wp\/v2\/users\/1"}],"replies":[{"embeddable":true,"href":"http:\/\/www.batie-diaspora.org\/index.php?rest_route=%2Fwp%2Fv2%2Fcomments&post=57"}],"version-history":[{"count":1,"href":"http:\/\/www.batie-diaspora.org\/index.php?rest_route=\/wp\/v2\/pages\/57\/revisions"}],"predecessor-version":[{"id":59,"href":"http:\/\/www.batie-diaspora.org\/index.php?rest_route=\/wp\/v2\/pages\/57\/revisions\/59"}],"wp:attachment":[{"href":"http:\/\/www.batie-diaspora.org\/index.php?rest_route=%2Fwp%2Fv2%2Fmedia&parent=57"}],"curies":[{"name":"wp","href":"https:\/\/api.w.org\/{rel}","templated":true}]}}