{"id":60,"date":"2020-06-11T15:28:22","date_gmt":"2020-06-11T15:28:22","guid":{"rendered":"http:\/\/batie-diaspora.org\/?page_id=60"},"modified":"2020-06-11T16:41:25","modified_gmt":"2020-06-11T16:41:25","slug":"activites","status":"publish","type":"page","link":"http:\/\/www.batie-diaspora.org\/?page_id=60","title":{"rendered":"Activit\u00e9s"},"content":{"rendered":"\n<div class=\"wp-block-media-text alignwide is-stacked-on-mobile\"><figure class=\"wp-block-media-text__media\"><img decoding=\"async\" loading=\"lazy\" width=\"1024\" height=\"682\" src=\"http:\/\/batie-diaspora.org\/wp-content\/uploads\/2020\/06\/5ea71e5c753cd106292471-1024x682.jpeg\" alt=\"\" class=\"wp-image-94\" srcset=\"http:\/\/www.batie-diaspora.org\/wp-content\/uploads\/2020\/06\/5ea71e5c753cd106292471-1024x682.jpeg 1024w, http:\/\/www.batie-diaspora.org\/wp-content\/uploads\/2020\/06\/5ea71e5c753cd106292471-300x200.jpeg 300w, http:\/\/www.batie-diaspora.org\/wp-content\/uploads\/2020\/06\/5ea71e5c753cd106292471-768x511.jpeg 768w, http:\/\/www.batie-diaspora.org\/wp-content\/uploads\/2020\/06\/5ea71e5c753cd106292471-150x100.jpeg 150w, http:\/\/www.batie-diaspora.org\/wp-content\/uploads\/2020\/06\/5ea71e5c753cd106292471-600x400.jpeg 600w, http:\/\/www.batie-diaspora.org\/wp-content\/uploads\/2020\/06\/5ea71e5c753cd106292471.jpeg 1080w\" sizes=\"(max-width: 1024px) 100vw, 1024px\" \/><\/figure><div class=\"wp-block-media-text__content\">\n<p class=\"has-large-font-size\">Sensibilisations de la population de bati\u00e9 au mesure pr\u00e9ventive<\/p>\n<\/div><\/div>\n\n\n\n<div class=\"wp-block-media-text alignwide has-media-on-the-right is-stacked-on-mobile\"><figure class=\"wp-block-media-text__media\"><img decoding=\"async\" loading=\"lazy\" width=\"893\" height=\"606\" src=\"http:\/\/batie-diaspora.org\/wp-content\/uploads\/2020\/06\/img01.png\" alt=\"\" class=\"wp-image-91\" srcset=\"http:\/\/www.batie-diaspora.org\/wp-content\/uploads\/2020\/06\/img01.png 893w, http:\/\/www.batie-diaspora.org\/wp-content\/uploads\/2020\/06\/img01-300x204.png 300w, http:\/\/www.batie-diaspora.org\/wp-content\/uploads\/2020\/06\/img01-768x521.png 768w, http:\/\/www.batie-diaspora.org\/wp-content\/uploads\/2020\/06\/img01-150x102.png 150w\" sizes=\"(max-width: 893px) 100vw, 893px\" \/><\/figure><div class=\"wp-block-media-text__content\">\n<p class=\"has-large-font-size\">Distribution de savons, masques et thermom\u00e8tres \u00e0 tous les m\u00e9nages du village Bati\u00e9<\/p>\n<\/div><\/div>\n\n\n\n<div class=\"wp-block-media-text alignwide is-stacked-on-mobile\"><figure class=\"wp-block-media-text__media\"><img decoding=\"async\" loading=\"lazy\" width=\"600\" height=\"400\" src=\"http:\/\/batie-diaspora.org\/wp-content\/uploads\/2020\/06\/lutte-contre-le-covid-19-au-benin-le-mi.jpeg\" alt=\"\" class=\"wp-image-95\" srcset=\"http:\/\/www.batie-diaspora.org\/wp-content\/uploads\/2020\/06\/lutte-contre-le-covid-19-au-benin-le-mi.jpeg 600w, http:\/\/www.batie-diaspora.org\/wp-content\/uploads\/2020\/06\/lutte-contre-le-covid-19-au-benin-le-mi-300x200.jpeg 300w, http:\/\/www.batie-diaspora.org\/wp-content\/uploads\/2020\/06\/lutte-contre-le-covid-19-au-benin-le-mi-150x100.jpeg 150w\" sizes=\"(max-width: 600px) 100vw, 600px\" \/><\/figure><div class=\"wp-block-media-text__content\">\n<p class=\"has-large-font-size\">Dons de gants d&#8217;examens et solutions d\u00e9sinfectants pour les mains \u00e0 toutes les structures sanitaires de Bati\u00e9<\/p>\n<\/div><\/div>\n\n\n\n<div class=\"wp-block-media-text alignwide has-media-on-the-right is-stacked-on-mobile\"><figure class=\"wp-block-media-text__media\"><img decoding=\"async\" loading=\"lazy\" width=\"512\" height=\"342\" src=\"http:\/\/batie-diaspora.org\/wp-content\/uploads\/2020\/06\/AP_20090533940334.jpg\" alt=\"\" class=\"wp-image-93\" srcset=\"http:\/\/www.batie-diaspora.org\/wp-content\/uploads\/2020\/06\/AP_20090533940334.jpg 512w, http:\/\/www.batie-diaspora.org\/wp-content\/uploads\/2020\/06\/AP_20090533940334-300x200.jpg 300w, http:\/\/www.batie-diaspora.org\/wp-content\/uploads\/2020\/06\/AP_20090533940334-150x100.jpg 150w\" sizes=\"(max-width: 512px) 100vw, 512px\" \/><\/figure><div class=\"wp-block-media-text__content\">\n<p class=\"has-large-font-size\">D\u00e9sinfections des structures sanitaires, du march\u00e9 et espaces commerciaux de Bati\u00e9 conform\u00e9ment aux recommendations internationales<\/p>\n<\/div><\/div>\n","protected":false},"excerpt":{"rendered":"<p>Sensibilisations de la population de bati\u00e9 au mesure pr\u00e9ventive Distribution de savons, masques et thermom\u00e8tres \u00e0 tous les m\u00e9nages du village Bati\u00e9 Dons de gants d&#8217;examens et solutions d\u00e9sinfectants pour les mains \u00e0 toutes les structures sanitaires de Bati\u00e9 D\u00e9sinfections des structures sanitaires, du march\u00e9 et espaces commerciaux de Bati\u00e9 conform\u00e9ment aux recommendations internationales<\/p>\n","protected":false},"author":1,"featured_media":0,"parent":0,"menu_order":0,"comment_status":"closed","ping_status":"closed","template":"","meta":[],"_links":{"self":[{"href":"http:\/\/www.batie-diaspora.org\/index.php?rest_route=\/wp\/v2\/pages\/60"}],"collection":[{"href":"http:\/\/www.batie-diaspora.org\/index.php?rest_route=\/wp\/v2\/pages"}],"about":[{"href":"http:\/\/www.batie-diaspora.org\/index.php?rest_route=\/wp\/v2\/types\/page"}],"author":[{"embeddable":true,"href":"http:\/\/www.batie-diaspora.org\/index.php?rest_route=\/wp\/v2\/users\/1"}],"replies":[{"embeddable":true,"href":"http:\/\/www.batie-diaspora.org\/index.php?rest_route=%2Fwp%2Fv2%2Fcomments&post=60"}],"version-history":[{"count":3,"href":"http:\/\/www.batie-diaspora.org\/index.php?rest_route=\/wp\/v2\/pages\/60\/revisions"}],"predecessor-version":[{"id":96,"href":"http:\/\/www.batie-diaspora.org\/index.php?rest_route=\/wp\/v2\/pages\/60\/revisions\/96"}],"wp:attachment":[{"href":"http:\/\/www.batie-diaspora.org\/index.php?rest_route=%2Fwp%2Fv2%2Fmedia&parent=60"}],"curies":[{"name":"wp","href":"https:\/\/api.w.org\/{rel}","templated":true}]}}